{"id":2,"date":"2014-12-26T10:46:31","date_gmt":"2014-12-26T15:46:31","guid":{"rendered":"http:\/\/felixsill.de\/?page_id=2"},"modified":"2023-02-19T15:08:26","modified_gmt":"2023-02-19T14:08:26","slug":"beispiel-seite","status":"publish","type":"page","link":"https:\/\/felixsill.de\/","title":{"rendered":"Home"},"content":{"rendered":"<div class='flex_column av-64p2-78707ef5bb238ef6e53704693e54bb3a av_one_full  avia-builder-el-0  el_before_av_one_fifth  avia-builder-el-first  first flex_column_div '     ><style type=\"text\/css\" data-created_by=\"avia_inline_auto\" id=\"style-css-av-lebf37c9-02112b0057d0b0b6a68d1dc1954892aa\">\n.avia-image-container.av-lebf37c9-02112b0057d0b0b6a68d1dc1954892aa img.avia_image{\nbox-shadow:none;\n}\n.avia-image-container.av-lebf37c9-02112b0057d0b0b6a68d1dc1954892aa .av-image-caption-overlay-center{\ncolor:#ffffff;\n}\n<\/style>\n<div  class='avia-image-container av-lebf37c9-02112b0057d0b0b6a68d1dc1954892aa av-styling- avia-align-center  avia-builder-el-1  avia-builder-el-no-sibling '   itemprop=\"image\" itemscope=\"itemscope\" itemtype=\"https:\/\/schema.org\/ImageObject\" ><div class=\"avia-image-container-inner\"><div class=\"avia-image-overlay-wrap\"><img decoding=\"async\" class='wp-image-238 avia-img-lazy-loading-not-238 avia_image ' src=\"https:\/\/felixsill.de\/wp-content\/uploads\/2023\/02\/IMG_4527-300x225.jpeg\" alt='' title='IMG_4527'  height=\"225\" width=\"300\"  itemprop=\"thumbnailUrl\" srcset=\"https:\/\/felixsill.de\/wp-content\/uploads\/2023\/02\/IMG_4527-300x225.jpeg 300w, https:\/\/felixsill.de\/wp-content\/uploads\/2023\/02\/IMG_4527-1024x768.jpeg 1024w, https:\/\/felixsill.de\/wp-content\/uploads\/2023\/02\/IMG_4527-768x576.jpeg 768w, https:\/\/felixsill.de\/wp-content\/uploads\/2023\/02\/IMG_4527-1536x1152.jpeg 1536w, https:\/\/felixsill.de\/wp-content\/uploads\/2023\/02\/IMG_4527.jpeg 2048w\" sizes=\"(max-width: 300px) 100vw, 300px\" \/><\/div><\/div><\/div><\/div>\n<div class='flex_column av-6sai-d601d8889f5965c65b1c8c98457bd7b8 av_one_fifth  avia-builder-el-2  el_after_av_one_full  el_before_av_three_fifth  first flex_column_div column-top-margin'     ><\/div>\n<div class='flex_column av-5pkw-1d4b1b08658b8b9aa253fe12df88609d av_three_fifth  avia-builder-el-3  el_after_av_one_fifth  el_before_av_one_fifth  flex_column_div column-top-margin'     ><section  class='av_textblock_section av-lebf2rnu-9546f6a6a2f72cef2f5cc26a6739af45'  itemscope=\"itemscope\" itemtype=\"https:\/\/schema.org\/CreativeWork\" ><div class='avia_textblock'  itemprop=\"text\" ><h2 style=\"text-align: center;\"><strong>Hi, wir sind Felix &amp; Freddy.<\/strong><\/h2>\n<h5 style=\"text-align: center;\">Nachdem wir unser Bachelorstudium abgeschlossen hatten, sammelten wir unser gesamtes Geld zusammen und machten uns im April 2022 auf den Weg nach Nordamerika. Wir kauften uns ein Wohnmobil und erkundeten mit unserer Big Bertha 6 Monate lang den gesamten Westen der USA und Kanadas.<\/h5>\n<h5 style=\"text-align: center;\">Wir hatten unz\u00e4hlige wundersch\u00f6ne Momente, haben gelacht und waren gl\u00fccklich. Aber wir hatten auch schlechte Zeiten, in denen wir L\u00f6sungen f\u00fcr unsere Probleme finden mussten.<\/h5>\n<h5 style=\"text-align: center;\">Die gesammelten Erfahrungen m\u00f6chten wir gerne mit euch teilen, um euch eure Planung sowie die Reise zu erleichtern!<\/h5>\n<h5 style=\"text-align: center;\"><strong>Wer also vor hat die gleiche oder eine \u00e4hnliche Reise zu machen, kann hier hoffentlich einige hilfreiche Tipps mitnehmen.<\/strong><\/h5>\n<h5 style=\"text-align: center;\"><strong>Sollten Fragen aufkommen, k\u00f6nnt ihr diese sehr gerne in den Kommentaren stellen. Wir werden versuchen diese schnellstm\u00f6glich zu beantworten.<\/strong><\/h5>\n<h5 style=\"text-align: center;\"><strong>Viel Spa\u00df beim Lesen!<\/strong><\/h5>\n<\/div><\/section><\/div><div class='flex_column av-3oak-0411601fccb49c2217fb2b1db04ac2d7 av_one_fifth  avia-builder-el-5  el_after_av_three_fifth  avia-builder-el-last  flex_column_div column-top-margin'     ><\/div><\/p>\n","protected":false},"excerpt":{"rendered":"","protected":false},"author":1,"featured_media":0,"parent":0,"menu_order":0,"comment_status":"open","ping_status":"closed","template":"","meta":{"footnotes":""},"class_list":["post-2","page","type-page","status-publish","hentry"],"_links":{"self":[{"href":"https:\/\/felixsill.de\/index.php?rest_route=\/wp\/v2\/pages\/2","targetHints":{"allow":["GET"]}}],"collection":[{"href":"https:\/\/felixsill.de\/index.php?rest_route=\/wp\/v2\/pages"}],"about":[{"href":"https:\/\/felixsill.de\/index.php?rest_route=\/wp\/v2\/types\/page"}],"author":[{"embeddable":true,"href":"https:\/\/felixsill.de\/index.php?rest_route=\/wp\/v2\/users\/1"}],"replies":[{"embeddable":true,"href":"https:\/\/felixsill.de\/index.php?rest_route=%2Fwp%2Fv2%2Fcomments&post=2"}],"version-history":[{"count":12,"href":"https:\/\/felixsill.de\/index.php?rest_route=\/wp\/v2\/pages\/2\/revisions"}],"predecessor-version":[{"id":290,"href":"https:\/\/felixsill.de\/index.php?rest_route=\/wp\/v2\/pages\/2\/revisions\/290"}],"wp:attachment":[{"href":"https:\/\/felixsill.de\/index.php?rest_route=%2Fwp%2Fv2%2Fmedia&parent=2"}],"curies":[{"name":"wp","href":"https:\/\/api.w.org\/{rel}","templated":true}]}}